{"id":339,"date":"2017-10-25T19:34:39","date_gmt":"2017-10-25T17:34:39","guid":{"rendered":"https:\/\/larena-wuppertal.de\/?page_id=339"},"modified":"2021-09-26T19:38:16","modified_gmt":"2021-09-26T17:38:16","slug":"buchungstest","status":"publish","type":"page","link":"https:\/\/larena-wuppertal.de\/?page_id=339","title":{"rendered":"Online-Reservierung"},"content":{"rendered":"<!DOCTYPE HTML>  \n<html>\n<head>\n<meta name=\"viewport\" content=\"width=device-width, initial-scale=1.0\" charset=\"utf-8\">\n<style>\n.error {color: #FF0000;}\n<\/style>\n<\/head>\n<body>  \n<script>\nfunction OnSelectionChange()\n{\n var x = document.getElementById(\"zahlart\").value;\n var lastDiv = document.getElementById('lastschriftmandat');\n if (x == \"Lastschrift\"){\n lastDiv.style.display = 'inline';\n} else { lastDiv.style.display = 'none';}\n}\n<\/script>\n\n<h2>Veranstaltung reservieren<\/h2>\n<p><span class=\"error\">* notwendiges Feld<\/span><\/p>\n<form method=\"post\" action=\"buch.php\"> \n\n  Anrede:<br>\n  <select name=\"Anrede\">\n <option value=\"none\" {select:Anrede=none}>Anrede ausw\u00e4hlen<\/option>\n  <option value=\"Herr\" {select:Anrede=Herr}>Herr<\/option>\n  <option value=\"Frau\" {select:Anrede=Frau}>Frau<\/option>\n  <\/select><span class=\"error\"> * <\/span><br> \n  Vorname und Nachname:<br> <input type=\"text\" name=\"name\">\n  <span class=\"error\">* <\/span>\n  <br>\n  Stra\u00dfe mit Hausnummer:<br>\n  <input type=\"text\" name=\"strasse\"><span class=\"error\"> * <\/span><br>\n  Postleitzahl:<br>\n  <input type=\"text\" maxlength=5 size=5 name=\"postleitzahl\"><span class=\"error\"> * <\/span><br>\n  Ort:<br>\n  <input type=\"text\" name=\"ort\"><span class=\"error\"> * <\/span><br>\n  E-Mail:<br> <input type=\"text\" name=\"email\">\n  <span class=\"error\">* <\/span>\n  <br>  Veranstaltung:<br><select id=\"veranstaltung\" name=\"veranstaltung\">\n  <option value=\"\">--Veranstaltung ausw\u00e4hlen--<\/option>\n    <\/select>\n  <span class=\"error\"><\/span>\n  <br>\n\n  Kartenanzahl:<br> <select id=\"anzahlKarten\" name=\"anzahlKarten\">                      \n  <option value=\"1\">1<\/option>\n  <option value=\"2\">2<\/option>\n  <option value=\"3\">3<\/option>\n  <option value=\"4\">4<\/option>\n  <option value=\"5\">5<\/option>\n  <option value=\"6\">6<\/option>\n  <option value=\"7\">7<\/option>\n  <option value=\"8\">8<\/option>\n  <\/select><span class=\"error\"> * <\/span><br><br>\n  Zahlungsart:<br> <select id=\"zahlart\" name=\"zahlart\" onchange=\"OnSelectionChange()\">  \n  <option value=\"Barzahlung Abendkasse\">Barzahlung (an der Abendkasse)<\/option>\n  <\/select>\n  <span class=\"error\"> * <\/span>\n  <br><br>\n  <div style=\"display:none;\" id=\"lastschriftmandat\">\n    <span><b>SEPA - Lastschriftmandat erteilen:<\/b>\n      <br><br>\n      <span class=\"error\"><b>\n      Diese Funktion ist leider noch nicht verf\u00fcgbar.<\/b><\/span>\n    <\/span>\n<\/div>\n<br><br>\n   <input type=\"checkbox\" id=\"verbindlich\" name=\"verbindlich\" value=\"verbindlich\"\/><b>Ja, ich will  verbindlich oben genannte Karten reservieren. Die Speicherung und Verarbeitung der Daten stimme ich zu. Unsere <a href=\"?page_id=675\" target=\"_blank\">Datenschutzerkl\u00e4rung<\/a> finden sie <a href=\"?page_id=675\" target=\"_blank\">hier.<\/a> Dort besteht auch die M\u00f6glichkeit eine L\u00f6schanfrage zu stellen falls Sie dies w\u00fcnschen.<\/b><br\/><span class=\"error\"> * <\/span>\n  <br><br>\n  <input type=\"submit\" name=\"submit\" value=\"Absenden\">  \n<\/form>\n\n\n<\/body>\n<\/html>\n\n","protected":false},"excerpt":{"rendered":"","protected":false},"author":1,"featured_media":0,"parent":0,"menu_order":0,"comment_status":"closed","ping_status":"closed","template":"","meta":{"_price":"","_stock":"","_tribe_ticket_header":"","_tribe_default_ticket_provider":"","_tribe_ticket_capacity":"0","_ticket_start_date":"","_ticket_end_date":"","_tribe_ticket_show_description":"","_tribe_ticket_show_not_going":false,"_tribe_ticket_use_global_stock":"","_tribe_ticket_global_stock_level":"","_global_stock_mode":"","_global_stock_cap":"","_tribe_rsvp_for_event":"","_tribe_ticket_going_count":"","_tribe_ticket_not_going_count":"","_tribe_tickets_list":[],"_tribe_ticket_has_attendee_info_fields":false,"footnotes":"","_links_to":"","_links_to_target":""},"class_list":["post-339","page","type-page","status-publish","hentry","entry"],"_links":{"self":[{"href":"https:\/\/larena-wuppertal.de\/index.php?rest_route=\/wp\/v2\/pages\/339"}],"collection":[{"href":"https:\/\/larena-wuppertal.de\/index.php?rest_route=\/wp\/v2\/pages"}],"about":[{"href":"https:\/\/larena-wuppertal.de\/index.php?rest_route=\/wp\/v2\/types\/page"}],"author":[{"embeddable":true,"href":"https:\/\/larena-wuppertal.de\/index.php?rest_route=\/wp\/v2\/users\/1"}],"replies":[{"embeddable":true,"href":"https:\/\/larena-wuppertal.de\/index.php?rest_route=%2Fwp%2Fv2%2Fcomments&post=339"}],"version-history":[{"count":18,"href":"https:\/\/larena-wuppertal.de\/index.php?rest_route=\/wp\/v2\/pages\/339\/revisions"}],"predecessor-version":[{"id":1099,"href":"https:\/\/larena-wuppertal.de\/index.php?rest_route=\/wp\/v2\/pages\/339\/revisions\/1099"}],"wp:attachment":[{"href":"https:\/\/larena-wuppertal.de\/index.php?rest_route=%2Fwp%2Fv2%2Fmedia&parent=339"}],"curies":[{"name":"wp","href":"https:\/\/api.w.org\/{rel}","templated":true}]}}